{"id":338,"date":"2024-06-27T22:14:46","date_gmt":"2024-06-27T19:14:46","guid":{"rendered":"https:\/\/klasikine.com\/oeko-tex-standard-100-sertifikatas\/"},"modified":"2025-09-17T14:22:33","modified_gmt":"2025-09-17T11:22:33","slug":"oeko-tex-standard-100-sertifikatas","status":"publish","type":"page","link":"https:\/\/klasikine.com\/lt\/oeko-tex-standard-100-sertifikatas\/","title":{"rendered":"OEKO-TEX\u00ae Standard 100 sertifikatas"},"content":{"rendered":"<section class=\"l-section wpb_row us_custom_f96c2eb2 height_custom\"><div class=\"l-section-h i-cf\"><div class=\"g-cols vc_row via_grid cols_1 laptops-cols_inherit tablets-cols_inherit mobiles-cols_1 valign_top type_default stacking_default\"><div class=\"wpb_column vc_column_container\"><div class=\"vc_column-inner\"><h1 class=\"w-post-elm post_title entry-title color_link_inherit\">OEKO-TEX\u00ae Standard 100 sertifikatas<\/h1><div class=\"w-separator size_custom\" style=\"height:5rem\" id=\"l4b8\"><style>@media(max-width:600px){ #l4b8{height:3rem!important}}<\/style><\/div><h4 class=\"w-text\"><span class=\"w-text-h\"><span class=\"w-text-value\">Kas yra OEKO-TEX\u00ae Standard 100?<\/span><\/span><\/h4><div class=\"wpb_text_column us_custom_7c19d230\"><div class=\"wpb_wrapper\"><div class=\"elementor-column elementor-col-50 elementor-top-column elementor-element elementor-element-c4bac9a\" data-id=\"c4bac9a\" data-element_type=\"column\">\n<div class=\"elementor-widget-wrap elementor-element-populated\">\n<div class=\"elementor-element elementor-element-0a93a40 elementor-widget elementor-widget-text-editor\" data-id=\"0a93a40\" data-element_type=\"widget\" data-widget_type=\"text-editor.default\">\n<div class=\"elementor-widget-container\">\n<div class=\"elementor-column elementor-col-50 elementor-top-column elementor-element elementor-element-80a88b4\" data-id=\"80a88b4\" data-element_type=\"column\">\n<div class=\"elementor-widget-wrap elementor-element-populated\">\n<div class=\"elementor-element elementor-element-b0dddf2 elementor-widget elementor-widget-text-editor\" data-id=\"b0dddf2\" data-element_type=\"widget\" data-widget_type=\"text-editor.default\">\n<div class=\"elementor-widget-container\">\n<div class=\"elementor-element elementor-element-96d7ba3 elementor-widget elementor-widget-text-editor\" data-id=\"96d7ba3\" data-element_type=\"widget\" data-widget_type=\"text-editor.default\">\n<div class=\"elementor-widget-container\">\n<p>OEKO-TEX\u00ae Standard 100 \u2013 tai tarptautiniu mastu pripa\u017einta tekstil\u0117s gamini\u0173 sertifikavimo sistema. Ji nustato grie\u017etas kenksming\u0173 med\u017eiag\u0173 naudojimo tekstil\u0117je normas, u\u017etikrindama, kad sertifikuoti gaminiai b\u016bt\u0173 saug\u016bs \u017emogaus sveikatai ir aplinkai. <\/p>\n<p>\u0160is standartas buvo sukurtas Tarptautin\u0117s tekstil\u0117s ir odos ekologijos tyrim\u0173 bei bandym\u0173 asociacijos (International Association for Research and Testing in the Field of Textile and Leather Ecology OEKO-TEX), reaguojant \u012f augant\u012f susir\u016bpinim\u0105 d\u0117l kenksming\u0173 chemini\u0173 med\u017eiag\u0173 naudojimo tekstil\u0117s gaminiuose. Standartas suteikia vartotojams pasitik\u0117jimo, kad j\u0173 perkama tekstil\u0117 yra patikrinta ir atitinka grie\u017etus standartus. <\/p>\n<\/div>\n<\/div>\n<div class=\"elementor-element elementor-element-ef7db78 elementor-widget elementor-widget-heading\" data-id=\"ef7db78\" data-element_type=\"widget\" data-widget_type=\"heading.default\">\n<div class=\"elementor-widget-container\"><\/div>\n<\/div>\n<\/div>\n<\/div>\n<\/div>\n<\/div>\n<\/div>\n<\/div>\n<\/div>\n<\/div>\n<\/div><\/div><div class=\"w-separator size_custom\" style=\"height:30px\" id=\"y916\"><style>@media(max-width:600px){ #y916{height:1rem!important}}<\/style><\/div><h4 class=\"w-text\"><span class=\"w-text-h\"><span class=\"w-text-value\">Kod\u0117l mums to reikia?<\/span><\/span><\/h4><div class=\"wpb_text_column us_custom_7c19d230\"><div class=\"wpb_wrapper\"><div class=\"elementor-column elementor-col-50 elementor-top-column elementor-element elementor-element-c4bac9a\" data-id=\"c4bac9a\" data-element_type=\"column\">\n<div class=\"elementor-widget-wrap elementor-element-populated\">\n<div class=\"elementor-element elementor-element-0a93a40 elementor-widget elementor-widget-text-editor\" data-id=\"0a93a40\" data-element_type=\"widget\" data-widget_type=\"text-editor.default\">\n<div class=\"elementor-widget-container\">\n<div class=\"elementor-column elementor-col-50 elementor-top-column elementor-element elementor-element-80a88b4\" data-id=\"80a88b4\" data-element_type=\"column\">\n<div class=\"elementor-widget-wrap elementor-element-populated\">\n<div class=\"elementor-element elementor-element-b0dddf2 elementor-widget elementor-widget-text-editor\" data-id=\"b0dddf2\" data-element_type=\"widget\" data-widget_type=\"text-editor.default\">\n<div class=\"elementor-widget-container\">\n<p>Tekstil\u0117 yra neatsiejama m\u016bs\u0173 kasdienio gyvenimo dalis \u2013 ji mus supa visur: patalyn\u0117, drabu\u017eiai, rank\u0161luos\u010diai ir kt. Kadangi tekstil\u0117 yra arti m\u016bs\u0173 k\u016bno, svarbu, kad ji b\u016bt\u0173 kiek \u012fmanoma saugesn\u0117. Tekstil\u0117s saugumas yra b\u016btinas m\u016bs\u0173 gerovei ir ramybei, kad gal\u0117tume patogiai miegoti ir d\u0117v\u0117ti drabu\u017eius be r\u016bpes\u010di\u0173.  <\/p>\n<p>OEKO-TEX\u00ae Standard 100 sertifikatas reikalauja, kad kiekvienas tekstil\u0117s gaminio komponentas \u2013 si\u016blai, sagos, u\u017etrauktukai ir kitos detal\u0117s \u2013 atitikt\u0173 nustatytus kenksming\u0173 med\u017eiag\u0173 reikalavimus. Bandymuose tikrinama daugyb\u0117 med\u017eiag\u0173, toki\u0173 kaip sunkieji metalai, formaldehidas, ftalatai ir pesticidai. Standartas taip pat apima spalv\u0173 atsparumo ir pH reikalavimus.  <\/p>\n<p>Pirkdami tekstil\u0119, pa\u017eym\u0117t\u0105 OEKO-TEX Standard 100 \u017eenklu, vartotojai gali b\u016bti tikri, kad gaminiai buvo nepriklausomai patikrinti ir sertifikuoti kaip neturintys kenksming\u0173 med\u017eiag\u0173. Tai leid\u017eia jiems priimti s\u0105moningus sprendimus ir palaikyti preki\u0173 \u017eenklus, kurie teikia prioritet\u0105 saugumui, tvarumui ir atsakingai gamybai. <\/p>\n<\/div>\n<\/div>\n<\/div>\n<\/div>\n<\/div>\n<\/div>\n<\/div>\n<\/div>\n<\/div><\/div><div class=\"w-separator size_custom\" style=\"height:30px\" id=\"cbd1\"><style>@media(max-width:600px){ #cbd1{height:1rem!important}}<\/style><\/div><h4 class=\"w-text\"><span class=\"w-text-h\"><span class=\"w-text-value\">Mes tai turime!<\/span><\/span><\/h4><div class=\"wpb_text_column us_custom_7c19d230\"><div class=\"wpb_wrapper\"><div class=\"elementor-column elementor-col-50 elementor-top-column elementor-element elementor-element-c4bac9a\" data-id=\"c4bac9a\" data-element_type=\"column\">\n<div class=\"elementor-widget-wrap elementor-element-populated\">\n<div class=\"elementor-element elementor-element-0a93a40 elementor-widget elementor-widget-text-editor\" data-id=\"0a93a40\" data-element_type=\"widget\" data-widget_type=\"text-editor.default\">\n<div class=\"elementor-widget-container\">\n<div class=\"elementor-column elementor-col-50 elementor-top-column elementor-element elementor-element-80a88b4\" data-id=\"80a88b4\" data-element_type=\"column\">\n<div class=\"elementor-widget-wrap elementor-element-populated\">\n<div class=\"elementor-element elementor-element-b0dddf2 elementor-widget elementor-widget-text-editor\" data-id=\"b0dddf2\" data-element_type=\"widget\" data-widget_type=\"text-editor.default\">\n<div class=\"elementor-widget-container\">\n<p><span>D\u017eiaugiam\u0117s gal\u0117dami savo klientams pasi\u016blyti OEKO-TEX\u00ae Standard 100 sertifikuot\u0105 lino produkcij\u0105. Rinkit\u0117s m\u016bs\u0173 OEKO-TEX sertifikuotus audinius, nam\u0173 tekstil\u0119 ir drabu\u017eius pasitik\u0117dami ir \u017einodami, kad jie yra be kenksming\u0173 med\u017eiag\u0173, pagaminti atsakingai, r\u016bpinantis tiek \u017emon\u0117mis, tiek aplinka. <\/span><\/p>\n<\/div>\n<\/div>\n<\/div>\n<\/div>\n<\/div>\n<\/div>\n<\/div>\n<\/div>\n<\/div><\/div><div class=\"w-separator size_custom\" style=\"height:30px\" id=\"ue1e\"><style>@media(max-width:600px){ #ue1e{height:1rem!important}}<\/style><\/div><div class=\"g-cols wpb_row via_grid cols_3 laptops-cols_inherit tablets-cols_inherit mobiles-cols_1 valign_top type_default stacking_default\" style=\"--gap:20px;\"><div class=\"wpb_column vc_column_container\"><div class=\"vc_column-inner\"><h6 class=\"w-text us_custom_eb849559\"><span class=\"w-text-h\"><span class=\"w-text-value\">Sertifikatas audiniams<\/span><\/span><\/h6><div class=\"w-image us_custom_d4617e04 align_center\"><div class=\"w-image-h\"><img decoding=\"async\" width=\"150\" height=\"150\" src=\"https:\/\/klasikine.com\/wp-content\/uploads\/2018OK1143_FABRICS.svg\" class=\"attachment-thumbnail size-thumbnail\" alt=\"\" loading=\"lazy\" \/><\/div><\/div><\/div><\/div><div class=\"wpb_column vc_column_container\"><div class=\"vc_column-inner\"><h6 class=\"w-text us_custom_eb849559\"><span class=\"w-text-h\"><span class=\"w-text-value\">Sertifikatas nam\u0173 tekstilei<\/span><\/span><\/h6><div class=\"w-image us_custom_d4617e04 align_center\"><div class=\"w-image-h\"><img decoding=\"async\" width=\"150\" height=\"150\" src=\"https:\/\/klasikine.com\/wp-content\/uploads\/2022OK3060_HOMETEXTILE.svg\" class=\"attachment-thumbnail size-thumbnail\" alt=\"\" loading=\"lazy\" \/><\/div><\/div><\/div><\/div><div class=\"wpb_column vc_column_container\"><div class=\"vc_column-inner\"><h6 class=\"w-text us_custom_eb849559\"><span class=\"w-text-h\"><span class=\"w-text-value\">Sertifikatas drabu\u017eiams<\/span><\/span><\/h6><div class=\"w-image us_custom_d4617e04 align_center\"><div class=\"w-image-h\"><img decoding=\"async\" width=\"150\" height=\"150\" src=\"https:\/\/klasikine.com\/wp-content\/uploads\/2022OK2851_GARMENTS.svg\" class=\"attachment-thumbnail size-thumbnail\" alt=\"\" loading=\"lazy\" \/><\/div><\/div><\/div><\/div><\/div><div class=\"w-separator size_custom\" style=\"height:30px\" id=\"t507\"><style>@media(max-width:600px){ #t507{height:1rem!important}}<\/style><\/div><div class=\"wpb_text_column us_custom_7c19d230\"><div class=\"wpb_wrapper\"><div class=\"elementor-column elementor-col-50 elementor-top-column elementor-element elementor-element-c4bac9a\" data-id=\"c4bac9a\" data-element_type=\"column\">\n<div class=\"elementor-widget-wrap elementor-element-populated\">\n<div class=\"elementor-element elementor-element-0a93a40 elementor-widget elementor-widget-text-editor\" data-id=\"0a93a40\" data-element_type=\"widget\" data-widget_type=\"text-editor.default\">\n<div class=\"elementor-widget-container\">\n<div class=\"elementor-column elementor-col-50 elementor-top-column elementor-element elementor-element-80a88b4\" data-id=\"80a88b4\" data-element_type=\"column\">\n<div class=\"elementor-widget-wrap elementor-element-populated\">\n<div class=\"elementor-element elementor-element-b0dddf2 elementor-widget elementor-widget-text-editor\" data-id=\"b0dddf2\" data-element_type=\"widget\" data-widget_type=\"text-editor.default\">\n<div class=\"elementor-widget-container\">\n<p><span>Daugiau informacijos apie OEKO-TEX rasite \u010dia: <\/span><a href=\"https:\/\/www.oeko-tex.com\/en\/\">https:\/\/www.oeko-tex.com\/en\/<\/a><\/p>\n<\/div>\n<\/div>\n<\/div>\n<\/div>\n<\/div>\n<\/div>\n<\/div>\n<\/div>\n<\/div><\/div><div class=\"w-separator size_custom\" style=\"height:30px\" id=\"v6f2\"><style>@media(max-width:600px){ #v6f2{height:1rem!important}}<\/style><\/div><\/div><\/div><\/div><\/div><\/section>\n","protected":false},"excerpt":{"rendered":"OEKO-TEX\u00ae Standard 100 sertifikatasKas yra OEKO-TEX\u00ae Standard 100? OEKO-TEX\u00ae Standard 100 \u2013 tai tarptautiniu mastu pripa\u017einta tekstil\u0117s gamini\u0173 sertifikavimo sistema. Ji nustato grie\u017etas kenksming\u0173 med\u017eiag\u0173 naudojimo tekstil\u0117je normas, u\u017etikrindama, kad sertifikuoti gaminiai b\u016bt\u0173 saug\u016bs \u017emogaus sveikatai ir aplinkai. \u0160is standartas buvo sukurtas Tarptautin\u0117s tekstil\u0117s ir odos ekologijos tyrim\u0173 bei bandym\u0173 asociacijos (International Association for Research...","protected":false},"author":1,"featured_media":0,"parent":0,"menu_order":0,"comment_status":"closed","ping_status":"closed","template":"","meta":{"_monsterinsights_skip_tracking":false,"_monsterinsights_sitenote_active":false,"_monsterinsights_sitenote_note":"","_monsterinsights_sitenote_category":0,"footnotes":""},"class_list":["post-338","page","type-page","status-publish","hentry"],"yoast_head":"<!-- This site is optimized with the Yoast SEO plugin v22.9 - https:\/\/yoast.com\/wordpress\/plugins\/seo\/ -->\n<title>OEKO-TEX\u00ae Standard 100 sertifikatas - Klasikine<\/title>\n<meta name=\"robots\" content=\"index, follow, max-snippet:-1, max-image-preview:large, max-video-preview:-1\" \/>\n<link rel=\"canonical\" href=\"https:\/\/klasikine.com\/lt\/oeko-tex-standard-100-sertifikatas\/\" \/>\n<meta property=\"og:locale\" content=\"lt_LT\" \/>\n<meta property=\"og:type\" content=\"article\" \/>\n<meta property=\"og:title\" content=\"OEKO-TEX\u00ae Standard 100 sertifikatas - Klasikine\" \/>\n<meta property=\"og:url\" content=\"https:\/\/klasikine.com\/lt\/oeko-tex-standard-100-sertifikatas\/\" \/>\n<meta property=\"og:site_name\" content=\"Klasikine\" \/>\n<meta property=\"article:modified_time\" content=\"2025-09-17T11:22:33+00:00\" \/>\n<meta name=\"twitter:card\" content=\"summary_large_image\" \/>\n<meta name=\"twitter:label1\" content=\"Est. reading time\" \/>\n\t<meta name=\"twitter:data1\" content=\"4 minut\u0117s\" \/>\n<script type=\"application\/ld+json\" class=\"yoast-schema-graph\">{\"@context\":\"https:\/\/schema.org\",\"@graph\":[{\"@type\":\"WebPage\",\"@id\":\"https:\/\/klasikine.com\/lt\/oeko-tex-standard-100-sertifikatas\/\",\"url\":\"https:\/\/klasikine.com\/lt\/oeko-tex-standard-100-sertifikatas\/\",\"name\":\"OEKO-TEX\u00ae Standard 100 sertifikatas - Klasikine\",\"isPartOf\":{\"@id\":\"https:\/\/klasikine.com\/lt\/#website\"},\"datePublished\":\"2024-06-27T19:14:46+00:00\",\"dateModified\":\"2025-09-17T11:22:33+00:00\",\"breadcrumb\":{\"@id\":\"https:\/\/klasikine.com\/lt\/oeko-tex-standard-100-sertifikatas\/#breadcrumb\"},\"inLanguage\":\"lt-LT\",\"potentialAction\":[{\"@type\":\"ReadAction\",\"target\":[\"https:\/\/klasikine.com\/lt\/oeko-tex-standard-100-sertifikatas\/\"]}]},{\"@type\":\"BreadcrumbList\",\"@id\":\"https:\/\/klasikine.com\/lt\/oeko-tex-standard-100-sertifikatas\/#breadcrumb\",\"itemListElement\":[{\"@type\":\"ListItem\",\"position\":1,\"name\":\"Home\",\"item\":\"https:\/\/klasikine.com\/lt\/\"},{\"@type\":\"ListItem\",\"position\":2,\"name\":\"OEKO-TEX\u00ae Standard 100 sertifikatas\"}]},{\"@type\":\"WebSite\",\"@id\":\"https:\/\/klasikine.com\/lt\/#website\",\"url\":\"https:\/\/klasikine.com\/lt\/\",\"name\":\"Klasikine\",\"description\":\"\",\"potentialAction\":[{\"@type\":\"SearchAction\",\"target\":{\"@type\":\"EntryPoint\",\"urlTemplate\":\"https:\/\/klasikine.com\/lt\/?s={search_term_string}\"},\"query-input\":\"required name=search_term_string\"}],\"inLanguage\":\"lt-LT\"}]}<\/script>\n<!-- \/ Yoast SEO plugin. -->","yoast_head_json":{"title":"OEKO-TEX\u00ae Standard 100 sertifikatas - Klasikine","robots":{"index":"index","follow":"follow","max-snippet":"max-snippet:-1","max-image-preview":"max-image-preview:large","max-video-preview":"max-video-preview:-1"},"canonical":"https:\/\/klasikine.com\/lt\/oeko-tex-standard-100-sertifikatas\/","og_locale":"lt_LT","og_type":"article","og_title":"OEKO-TEX\u00ae Standard 100 sertifikatas - Klasikine","og_url":"https:\/\/klasikine.com\/lt\/oeko-tex-standard-100-sertifikatas\/","og_site_name":"Klasikine","article_modified_time":"2025-09-17T11:22:33+00:00","twitter_card":"summary_large_image","twitter_misc":{"Est. reading time":"4 minut\u0117s"},"schema":{"@context":"https:\/\/schema.org","@graph":[{"@type":"WebPage","@id":"https:\/\/klasikine.com\/lt\/oeko-tex-standard-100-sertifikatas\/","url":"https:\/\/klasikine.com\/lt\/oeko-tex-standard-100-sertifikatas\/","name":"OEKO-TEX\u00ae Standard 100 sertifikatas - Klasikine","isPartOf":{"@id":"https:\/\/klasikine.com\/lt\/#website"},"datePublished":"2024-06-27T19:14:46+00:00","dateModified":"2025-09-17T11:22:33+00:00","breadcrumb":{"@id":"https:\/\/klasikine.com\/lt\/oeko-tex-standard-100-sertifikatas\/#breadcrumb"},"inLanguage":"lt-LT","potentialAction":[{"@type":"ReadAction","target":["https:\/\/klasikine.com\/lt\/oeko-tex-standard-100-sertifikatas\/"]}]},{"@type":"BreadcrumbList","@id":"https:\/\/klasikine.com\/lt\/oeko-tex-standard-100-sertifikatas\/#breadcrumb","itemListElement":[{"@type":"ListItem","position":1,"name":"Home","item":"https:\/\/klasikine.com\/lt\/"},{"@type":"ListItem","position":2,"name":"OEKO-TEX\u00ae Standard 100 sertifikatas"}]},{"@type":"WebSite","@id":"https:\/\/klasikine.com\/lt\/#website","url":"https:\/\/klasikine.com\/lt\/","name":"Klasikine","description":"","potentialAction":[{"@type":"SearchAction","target":{"@type":"EntryPoint","urlTemplate":"https:\/\/klasikine.com\/lt\/?s={search_term_string}"},"query-input":"required name=search_term_string"}],"inLanguage":"lt-LT"}]}},"_links":{"self":[{"href":"https:\/\/klasikine.com\/lt\/wp-json\/wp\/v2\/pages\/338","targetHints":{"allow":["GET"]}}],"collection":[{"href":"https:\/\/klasikine.com\/lt\/wp-json\/wp\/v2\/pages"}],"about":[{"href":"https:\/\/klasikine.com\/lt\/wp-json\/wp\/v2\/types\/page"}],"author":[{"embeddable":true,"href":"https:\/\/klasikine.com\/lt\/wp-json\/wp\/v2\/users\/1"}],"replies":[{"embeddable":true,"href":"https:\/\/klasikine.com\/lt\/wp-json\/wp\/v2\/comments?post=338"}],"version-history":[{"count":2,"href":"https:\/\/klasikine.com\/lt\/wp-json\/wp\/v2\/pages\/338\/revisions"}],"predecessor-version":[{"id":343,"href":"https:\/\/klasikine.com\/lt\/wp-json\/wp\/v2\/pages\/338\/revisions\/343"}],"wp:attachment":[{"href":"https:\/\/klasikine.com\/lt\/wp-json\/wp\/v2\/media?parent=338"}],"curies":[{"name":"wp","href":"https:\/\/api.w.org\/{rel}","templated":true}]}}