{"id":316,"date":"2024-06-27T22:13:48","date_gmt":"2024-06-27T19:13:48","guid":{"rendered":"https:\/\/klasikine.com\/siuvimas\/"},"modified":"2025-09-17T14:12:39","modified_gmt":"2025-09-17T11:12:39","slug":"siuvimas","status":"publish","type":"page","link":"https:\/\/klasikine.com\/lt\/siuvimas\/","title":{"rendered":"Siuvimas"},"content":{"rendered":"<section class=\"l-section wpb_row us_custom_f96c2eb2 height_custom\"><div class=\"l-section-h i-cf\"><div class=\"g-cols vc_row via_grid cols_1 laptops-cols_inherit tablets-cols_inherit mobiles-cols_1 valign_top type_default stacking_default\"><div class=\"wpb_column vc_column_container\"><div class=\"vc_column-inner\"><h1 class=\"w-text\"><span class=\"w-text-h\"><span class=\"w-text-value\">Siuvimas<\/span><\/span><\/h1><div class=\"w-separator size_custom\" style=\"height:30px\" id=\"r178\"><style>@media(max-width:600px){ #r178{height:1rem!important}}<\/style><\/div><div class=\"g-cols wpb_row via_grid cols_2 laptops-cols_inherit tablets-cols_inherit mobiles-cols_1 valign_top type_default reversed stacking_default\" style=\"--gap:5rem;--laptops-gap:5rem;--tablets-gap:5rem;--mobiles-gap:2rem;\"><div class=\"wpb_column vc_column_container\"><div class=\"vc_column-inner\"><div class=\"wpb_text_column us_custom_7c19d230\"><div class=\"wpb_wrapper\"><div class=\"elementor-column elementor-col-50 elementor-top-column elementor-element elementor-element-c4bac9a\" data-id=\"c4bac9a\" data-element_type=\"column\">\n<div class=\"elementor-widget-wrap elementor-element-populated\">\n<div class=\"elementor-element elementor-element-0a93a40 elementor-widget elementor-widget-text-editor\" data-id=\"0a93a40\" data-element_type=\"widget\" data-widget_type=\"text-editor.default\">\n<div class=\"elementor-widget-container\">\n<p>M\u016bs\u0173 siuvimo ceche k\u016brybi\u0161kumas ir modernios technologijos susilieja tam, kad sukurtume plat\u0173 i\u0161skirtin\u0117s kokyb\u0117s linini\u0173 gamini\u0173 asortiment\u0105. M\u016bs\u0173 atsidavusi profesional\u0173 komanda yra pasiruo\u0161usi \u012fgyvendinti \u012fvairius siuvimo projektus, atliepiant skirtingus poreikius ir pageidavimus. <\/p>\n<p>Specializuojam\u0117s linini\u0173 nam\u0173 tekstil\u0117s siuvime: siuvame patalyn\u0119, staltieses ir stalo tekstil\u0119, virtuvinius bei vonios rank\u0161luos\u010dius, u\u017euolaidas ir kit\u0105 nam\u0173 tekstil\u0119. Be to, did\u017eiuojam\u0117s si\u016bdami drabu\u017eius moterims, vyrams ir vaikams. M\u016bs\u0173 talentingi dizaineriai ir patyrusios siuv\u0117jos kruop\u0161\u010diai dirba, kad sukurt\u0173 plat\u0173 stiling\u0173 ir patogi\u0173 drabu\u017ei\u0173 pasirinkim\u0105.  <\/p>\n<p>M\u016bs\u0173 patyr\u0119 lekal\u0173 konstruktoriai skaitmeniniu b\u016bdu kuria ir koreguoja lekalus, u\u017etikrindami matmen\u0173 tikslum\u0105, si\u016bli\u0173 vietas ir sud\u0117tingas dizaino detales. Naudodami pa\u017eangi\u0105 lekal\u0173 konstravimo programin\u0119 \u012frang\u0105, optimizuojame audinio panaudojim\u0105, kad suma\u017eintume atrai\u017e\u0173 kiek\u012f. Stengiam\u0117s maksimaliai efektyviai i\u0161naudoti kiekvien\u0105 audinio centimetr\u0105, taip ma\u017eindami poveik\u012f aplinkai ir skatindami tvari\u0105 gamyb\u0105. Siekdami atliek\u0173 ma\u017einimo ne tik saugome aplink\u0105, bet ir galime pasi\u016blyti ekonomi\u0161kus sprendimus, neprarandant kokyb\u0117s.   <\/p>\n<p>Gamybos procese naudojame pa\u017eangias technologijas, \u012fskaitant automatines audinio sukirpimo ma\u0161inas, kurios u\u017etikrina tikslum\u0105 ir efektyvum\u0105 lakal\u0173 kirpimo etape. \u0160ios ma\u0161inos leid\u017eia greitai ir tiksliai i\u0161kirpti didel\u012f kiek\u012f detali\u0173 per trump\u0105 laik\u0105. <\/p>\n<p>Siekiant u\u017etikrinti efektyvi\u0105 gamyb\u0105, investavome \u012f auk\u0161tos kokyb\u0117s siuvimo ma\u0161inas bei moderni\u0105 konvejerin\u0119 sistem\u0105. Tai leid\u017eia mums apdoroti didelius u\u017esakym\u0173 kiekius ir patenkinti klient\u0173 poreikius. D\u0117l optimizuot\u0173 proces\u0173 ir patyrusios komandos galime pagaminti nuo 4 000 iki 25 000 gamini\u0173 per m\u0117nes\u012f, priklausomai nuo gamini\u0173 sud\u0117tingumo.   <\/p>\n<\/div>\n<\/div>\n<\/div>\n<\/div>\n<\/div><\/div><\/div><\/div><div class=\"wpb_column vc_column_container\"><div class=\"vc_column-inner\"><div class=\"w-image align_none\"><div class=\"w-image-h\"><img decoding=\"async\" width=\"1024\" height=\"683\" src=\"https:\/\/klasikine.com\/wp-content\/uploads\/20230524132522_IMG_0828_OK-1024x683-1.webp\" class=\"attachment-large size-large\" alt=\"\" loading=\"lazy\" srcset=\"https:\/\/klasikine.com\/wp-content\/uploads\/20230524132522_IMG_0828_OK-1024x683-1.webp 1024w, https:\/\/klasikine.com\/wp-content\/uploads\/20230524132522_IMG_0828_OK-1024x683-1-300x200.webp 300w\" sizes=\"auto, (max-width: 1024px) 100vw, 1024px\" \/><\/div><\/div><div class=\"w-separator size_custom\" style=\"height:20px\"><\/div><div class=\"w-image align_none\"><div class=\"w-image-h\"><img decoding=\"async\" width=\"1024\" height=\"683\" src=\"https:\/\/klasikine.com\/wp-content\/uploads\/DSCF1793-1-1024x683.webp\" class=\"attachment-large size-large\" alt=\"\" loading=\"lazy\" srcset=\"https:\/\/klasikine.com\/wp-content\/uploads\/DSCF1793-1-1024x683.webp 1024w, https:\/\/klasikine.com\/wp-content\/uploads\/DSCF1793-1-300x200.webp 300w, https:\/\/klasikine.com\/wp-content\/uploads\/DSCF1793-1.webp 1920w\" sizes=\"auto, (max-width: 1024px) 100vw, 1024px\" \/><\/div><\/div><\/div><\/div><\/div><div class=\"w-separator size_custom\" style=\"height:30px\" id=\"tc4e\"><style>@media(max-width:600px){ #tc4e{height:1rem!important}}<\/style><\/div><\/div><\/div><\/div><\/div><\/section>\n","protected":false},"excerpt":{"rendered":"Siuvimas M\u016bs\u0173 siuvimo ceche k\u016brybi\u0161kumas ir modernios technologijos susilieja tam, kad sukurtume plat\u0173 i\u0161skirtin\u0117s kokyb\u0117s linini\u0173 gamini\u0173 asortiment\u0105. M\u016bs\u0173 atsidavusi profesional\u0173 komanda yra pasiruo\u0161usi \u012fgyvendinti \u012fvairius siuvimo projektus, atliepiant skirtingus poreikius ir pageidavimus. Specializuojam\u0117s linini\u0173 nam\u0173 tekstil\u0117s siuvime: siuvame patalyn\u0119, staltieses ir stalo tekstil\u0119, virtuvinius bei vonios rank\u0161luos\u010dius, u\u017euolaidas ir kit\u0105 nam\u0173 tekstil\u0119. Be to,...","protected":false},"author":1,"featured_media":0,"parent":0,"menu_order":0,"comment_status":"closed","ping_status":"closed","template":"","meta":{"_monsterinsights_skip_tracking":false,"_monsterinsights_sitenote_active":false,"_monsterinsights_sitenote_note":"","_monsterinsights_sitenote_category":0,"footnotes":""},"class_list":["post-316","page","type-page","status-publish","hentry"],"yoast_head":"<!-- This site is optimized with the Yoast SEO plugin v22.9 - https:\/\/yoast.com\/wordpress\/plugins\/seo\/ -->\n<title>Siuvimas - Klasikine<\/title>\n<meta name=\"robots\" content=\"index, follow, max-snippet:-1, max-image-preview:large, max-video-preview:-1\" \/>\n<link rel=\"canonical\" href=\"https:\/\/klasikine.com\/lt\/siuvimas\/\" \/>\n<meta property=\"og:locale\" content=\"lt_LT\" \/>\n<meta property=\"og:type\" content=\"article\" \/>\n<meta property=\"og:title\" content=\"Siuvimas - Klasikine\" \/>\n<meta property=\"og:url\" content=\"https:\/\/klasikine.com\/lt\/siuvimas\/\" \/>\n<meta property=\"og:site_name\" content=\"Klasikine\" \/>\n<meta property=\"article:modified_time\" content=\"2025-09-17T11:12:39+00:00\" \/>\n<meta name=\"twitter:card\" content=\"summary_large_image\" \/>\n<meta name=\"twitter:label1\" content=\"Est. reading time\" \/>\n\t<meta name=\"twitter:data1\" content=\"2 minut\u0117s\" \/>\n<script type=\"application\/ld+json\" class=\"yoast-schema-graph\">{\"@context\":\"https:\/\/schema.org\",\"@graph\":[{\"@type\":\"WebPage\",\"@id\":\"https:\/\/klasikine.com\/lt\/siuvimas\/\",\"url\":\"https:\/\/klasikine.com\/lt\/siuvimas\/\",\"name\":\"Siuvimas - Klasikine\",\"isPartOf\":{\"@id\":\"https:\/\/klasikine.com\/lt\/#website\"},\"datePublished\":\"2024-06-27T19:13:48+00:00\",\"dateModified\":\"2025-09-17T11:12:39+00:00\",\"breadcrumb\":{\"@id\":\"https:\/\/klasikine.com\/lt\/siuvimas\/#breadcrumb\"},\"inLanguage\":\"lt-LT\",\"potentialAction\":[{\"@type\":\"ReadAction\",\"target\":[\"https:\/\/klasikine.com\/lt\/siuvimas\/\"]}]},{\"@type\":\"BreadcrumbList\",\"@id\":\"https:\/\/klasikine.com\/lt\/siuvimas\/#breadcrumb\",\"itemListElement\":[{\"@type\":\"ListItem\",\"position\":1,\"name\":\"Home\",\"item\":\"https:\/\/klasikine.com\/lt\/\"},{\"@type\":\"ListItem\",\"position\":2,\"name\":\"Siuvimas\"}]},{\"@type\":\"WebSite\",\"@id\":\"https:\/\/klasikine.com\/lt\/#website\",\"url\":\"https:\/\/klasikine.com\/lt\/\",\"name\":\"Klasikine\",\"description\":\"\",\"potentialAction\":[{\"@type\":\"SearchAction\",\"target\":{\"@type\":\"EntryPoint\",\"urlTemplate\":\"https:\/\/klasikine.com\/lt\/?s={search_term_string}\"},\"query-input\":\"required name=search_term_string\"}],\"inLanguage\":\"lt-LT\"}]}<\/script>\n<!-- \/ Yoast SEO plugin. -->","yoast_head_json":{"title":"Siuvimas - Klasikine","robots":{"index":"index","follow":"follow","max-snippet":"max-snippet:-1","max-image-preview":"max-image-preview:large","max-video-preview":"max-video-preview:-1"},"canonical":"https:\/\/klasikine.com\/lt\/siuvimas\/","og_locale":"lt_LT","og_type":"article","og_title":"Siuvimas - Klasikine","og_url":"https:\/\/klasikine.com\/lt\/siuvimas\/","og_site_name":"Klasikine","article_modified_time":"2025-09-17T11:12:39+00:00","twitter_card":"summary_large_image","twitter_misc":{"Est. reading time":"2 minut\u0117s"},"schema":{"@context":"https:\/\/schema.org","@graph":[{"@type":"WebPage","@id":"https:\/\/klasikine.com\/lt\/siuvimas\/","url":"https:\/\/klasikine.com\/lt\/siuvimas\/","name":"Siuvimas - Klasikine","isPartOf":{"@id":"https:\/\/klasikine.com\/lt\/#website"},"datePublished":"2024-06-27T19:13:48+00:00","dateModified":"2025-09-17T11:12:39+00:00","breadcrumb":{"@id":"https:\/\/klasikine.com\/lt\/siuvimas\/#breadcrumb"},"inLanguage":"lt-LT","potentialAction":[{"@type":"ReadAction","target":["https:\/\/klasikine.com\/lt\/siuvimas\/"]}]},{"@type":"BreadcrumbList","@id":"https:\/\/klasikine.com\/lt\/siuvimas\/#breadcrumb","itemListElement":[{"@type":"ListItem","position":1,"name":"Home","item":"https:\/\/klasikine.com\/lt\/"},{"@type":"ListItem","position":2,"name":"Siuvimas"}]},{"@type":"WebSite","@id":"https:\/\/klasikine.com\/lt\/#website","url":"https:\/\/klasikine.com\/lt\/","name":"Klasikine","description":"","potentialAction":[{"@type":"SearchAction","target":{"@type":"EntryPoint","urlTemplate":"https:\/\/klasikine.com\/lt\/?s={search_term_string}"},"query-input":"required name=search_term_string"}],"inLanguage":"lt-LT"}]}},"_links":{"self":[{"href":"https:\/\/klasikine.com\/lt\/wp-json\/wp\/v2\/pages\/316","targetHints":{"allow":["GET"]}}],"collection":[{"href":"https:\/\/klasikine.com\/lt\/wp-json\/wp\/v2\/pages"}],"about":[{"href":"https:\/\/klasikine.com\/lt\/wp-json\/wp\/v2\/types\/page"}],"author":[{"embeddable":true,"href":"https:\/\/klasikine.com\/lt\/wp-json\/wp\/v2\/users\/1"}],"replies":[{"embeddable":true,"href":"https:\/\/klasikine.com\/lt\/wp-json\/wp\/v2\/comments?post=316"}],"version-history":[{"count":2,"href":"https:\/\/klasikine.com\/lt\/wp-json\/wp\/v2\/pages\/316\/revisions"}],"predecessor-version":[{"id":319,"href":"https:\/\/klasikine.com\/lt\/wp-json\/wp\/v2\/pages\/316\/revisions\/319"}],"wp:attachment":[{"href":"https:\/\/klasikine.com\/lt\/wp-json\/wp\/v2\/media?parent=316"}],"curies":[{"name":"wp","href":"https:\/\/api.w.org\/{rel}","templated":true}]}}