{"id":306,"date":"2024-06-27T22:13:39","date_gmt":"2024-06-27T19:13:39","guid":{"rendered":"https:\/\/klasikine.com\/apdaila\/"},"modified":"2025-09-17T14:10:36","modified_gmt":"2025-09-17T11:10:36","slug":"apdaila","status":"publish","type":"page","link":"https:\/\/klasikine.com\/lt\/apdaila\/","title":{"rendered":"Apdaila"},"content":{"rendered":"<section class=\"l-section wpb_row us_custom_f96c2eb2 height_custom\"><div class=\"l-section-h i-cf\"><div class=\"g-cols vc_row via_grid cols_1 laptops-cols_inherit tablets-cols_inherit mobiles-cols_1 valign_top type_default stacking_default\"><div class=\"wpb_column vc_column_container\"><div class=\"vc_column-inner\"><h1 class=\"w-text\"><span class=\"w-text-h\"><span class=\"w-text-value\">Apdaila<\/span><\/span><\/h1><div class=\"w-separator size_custom\" style=\"height:5rem\" id=\"df65\"><style>@media(max-width:600px){ #df65{height:3rem!important}}<\/style><\/div><h4 class=\"w-text\"><span class=\"w-text-h\"><span class=\"w-text-value\">Skalbimas<\/span><\/span><\/h4><div class=\"g-cols wpb_row via_grid cols_2 laptops-cols_inherit tablets-cols_inherit mobiles-cols_1 valign_top type_default reversed stacking_default\" style=\"--gap:2rem;\"><div class=\"wpb_column vc_column_container\"><div class=\"vc_column-inner\"><div class=\"wpb_text_column us_custom_7c19d230\"><div class=\"wpb_wrapper\"><div class=\"elementor-column elementor-col-50 elementor-top-column elementor-element elementor-element-c4bac9a\" data-id=\"c4bac9a\" data-element_type=\"column\">\n<div class=\"elementor-widget-wrap elementor-element-populated\">\n<div class=\"elementor-element elementor-element-0a93a40 elementor-widget elementor-widget-text-editor\" data-id=\"0a93a40\" data-element_type=\"widget\" data-widget_type=\"text-editor.default\">\n<div class=\"elementor-widget-container\">\n<p>Vienas da\u017eniausi\u0173 linini\u0173 audini\u0173 apdailos b\u016bd\u0173 yra skalbimas. Lininiai audiniai paprastai skalbiami tam, kad b\u016bt\u0173 pa\u0161alinti po audimo lik\u0119 ne\u0161varumai, aliejai ar apdailos priemon\u0117s. Skalbimas pagerina audinio tekst\u016br\u0105, padaro j\u012f mink\u0161tesn\u012f ir elastingesn\u012f.  <\/p>\n<p>Po da\u017eymo proceso audinys skalbiamas, kad b\u016bt\u0173 pa\u0161alinti da\u017e\u0173 ir chemini\u0173 med\u017eiag\u0173 liku\u010diai. \u0160is skalbimo procesas paprastai apima audinio skalavim\u0105 \u0161altu vandeniu, o v\u0117liau skalbim\u0105 su \u0161velniu plovikliu. <\/p>\n<\/div>\n<\/div>\n<\/div>\n<\/div>\n<\/div><\/div><\/div><\/div><div class=\"wpb_column vc_column_container\"><div class=\"vc_column-inner\"><div class=\"w-image align_none\"><div class=\"w-image-h\"><img decoding=\"async\" width=\"1024\" height=\"576\" src=\"https:\/\/klasikine.com\/wp-content\/uploads\/klt_washing_a_1.22.1.T-1024x576-1.webp\" class=\"attachment-large size-large\" alt=\"\" loading=\"lazy\" srcset=\"https:\/\/klasikine.com\/wp-content\/uploads\/klt_washing_a_1.22.1.T-1024x576-1.webp 1024w, https:\/\/klasikine.com\/wp-content\/uploads\/klt_washing_a_1.22.1.T-1024x576-1-300x169.webp 300w\" sizes=\"auto, (max-width: 1024px) 100vw, 1024px\" \/><\/div><\/div><\/div><\/div><\/div><div class=\"w-separator size_custom\" style=\"height:30px\" id=\"ua9c\"><style>@media(max-width:600px){ #ua9c{height:1rem!important}}<\/style><\/div><h4 class=\"w-text\"><span class=\"w-text-h\"><span class=\"w-text-value\">Balinimas<\/span><\/span><\/h4><div class=\"g-cols wpb_row via_grid cols_2 laptops-cols_inherit tablets-cols_inherit mobiles-cols_1 valign_middle type_default stacking_default\" style=\"--gap:2rem;\"><div class=\"wpb_column vc_column_container\"><div class=\"vc_column-inner\"><div class=\"w-image align_none\"><div class=\"w-image-h\"><img decoding=\"async\" width=\"1024\" height=\"684\" src=\"https:\/\/klasikine.com\/wp-content\/uploads\/Screenshot-2023-05-31-151525-1024x684-1.webp\" class=\"attachment-large size-large\" alt=\"\" loading=\"lazy\" srcset=\"https:\/\/klasikine.com\/wp-content\/uploads\/Screenshot-2023-05-31-151525-1024x684-1.webp 1024w, https:\/\/klasikine.com\/wp-content\/uploads\/Screenshot-2023-05-31-151525-1024x684-1-300x200.webp 300w\" sizes=\"auto, (max-width: 1024px) 100vw, 1024px\" \/><\/div><\/div><\/div><\/div><div class=\"wpb_column vc_column_container\"><div class=\"vc_column-inner\"><div class=\"wpb_text_column us_custom_7c19d230\"><div class=\"wpb_wrapper\"><div class=\"elementor-column elementor-col-50 elementor-top-column elementor-element elementor-element-c4bac9a\" data-id=\"c4bac9a\" data-element_type=\"column\">\n<div class=\"elementor-widget-wrap elementor-element-populated\">\n<div class=\"elementor-element elementor-element-0a93a40 elementor-widget elementor-widget-text-editor\" data-id=\"0a93a40\" data-element_type=\"widget\" data-widget_type=\"text-editor.default\">\n<div class=\"elementor-widget-container\">\n<p>Linini\u0173 audini\u0173 balinimas \u2013 tai procesas, kurio metu audinys i\u0161balinamas, siekiant i\u0161gauti opti\u0161kai balt\u0105 arba nat\u016braliai balk\u0161v\u0105 spalv\u0105. \u0160io proceso metu audinys apdorojamas chemin\u0117mis med\u017eiagomis, pavyzd\u017eiui, vandenilio peroksidu. Chemin\u0117s med\u017eiagos reaguoja su nat\u016bralaus lino pluo\u0161t\u0173, suskaido ne\u0161varumus ir pa\u0161alina geltonum\u0105 ar spalvos pakitimus.  <\/p>\n<p>Opti\u0161kai balta spalva yra ry\u0161ki, gryna balta, pasiekiama naudojant optinius baliklius \u2013 tai med\u017eiagos, kurios sugeria ultravioletinius spindulius ir i\u0161skiria m\u0117lyn\u0105 \u0161vies\u0105, tod\u0117l audinys atrodo baltesnis ir ry\u0161kesnis. Tuo tarpu balk\u0161va spalva yra nat\u016bralesnis baltos atspalvis, turintis ne\u017eym\u0173 gelsv\u0105 ar sm\u0117lio ton\u0105.  <\/p>\n<\/div>\n<\/div>\n<\/div>\n<\/div>\n<\/div><\/div><\/div><\/div><\/div><div class=\"w-separator size_custom\" style=\"height:30px\" id=\"c1d2\"><style>@media(max-width:600px){ #c1d2{height:1rem!important}}<\/style><\/div><h4 class=\"w-text\"><span class=\"w-text-h\"><span class=\"w-text-value\">Audini\u0173 da\u017eymas<\/span><\/span><\/h4><div class=\"g-cols wpb_row via_grid cols_2 laptops-cols_inherit tablets-cols_inherit mobiles-cols_1 valign_top type_default reversed stacking_default\" style=\"--gap:2rem;\"><div class=\"wpb_column vc_column_container\"><div class=\"vc_column-inner\"><div class=\"wpb_text_column us_custom_7c19d230\"><div class=\"wpb_wrapper\"><div class=\"elementor-column elementor-col-50 elementor-top-column elementor-element elementor-element-c4bac9a\" data-id=\"c4bac9a\" data-element_type=\"column\">\n<div class=\"elementor-widget-wrap elementor-element-populated\">\n<div class=\"elementor-element elementor-element-0a93a40 elementor-widget elementor-widget-text-editor\" data-id=\"0a93a40\" data-element_type=\"widget\" data-widget_type=\"text-editor.default\">\n<div class=\"elementor-widget-container\">\n<p>\u0160altas da\u017eymas (CPB) yra da\u017eymo b\u016bdas, kai nat\u016bral\u016bs pluo\u0161tai, tokie kaip linas, da\u017eomi naudojant \u0161alt\u0105 vanden\u012f. \u0160is procesas yra energij\u0105 taupantis ir reikalauja ma\u017eiau chemini\u0173 med\u017eiag\u0173 nei tradiciniai kar\u0161to da\u017eymo metodai. <\/p>\n<p>Taip pat atliekame kar\u0161t\u0105 audini\u0173 da\u017eym\u0105. Prie\u0161 da\u017eym\u0105 lininiai audiniai yra paruo\u0161iami, pa\u0161alinant ne\u0161varumus ar apdailos priemoni\u0173 liku\u010dius, kurie gal\u0117t\u0173 paveikti da\u017eymo kokyb\u0119. Po da\u017eymo, audiniai ar verpalai skalaujami ir skalbiami, kad b\u016bt\u0173 pa\u0161alinti da\u017e\u0173 ar chemini\u0173 med\u017eiag\u0173 liku\u010diai.  <\/p>\n<\/div>\n<\/div>\n<\/div>\n<\/div>\n<\/div><\/div><\/div><\/div><div class=\"wpb_column vc_column_container\"><div class=\"vc_column-inner\"><div class=\"w-image align_none\"><div class=\"w-image-h\"><img decoding=\"async\" width=\"1024\" height=\"576\" src=\"https:\/\/klasikine.com\/wp-content\/uploads\/klt_dyeing_a_1.2.1.T-1024x576-1.webp\" class=\"attachment-large size-large\" alt=\"\" loading=\"lazy\" srcset=\"https:\/\/klasikine.com\/wp-content\/uploads\/klt_dyeing_a_1.2.1.T-1024x576-1.webp 1024w, https:\/\/klasikine.com\/wp-content\/uploads\/klt_dyeing_a_1.2.1.T-1024x576-1-300x169.webp 300w\" sizes=\"auto, (max-width: 1024px) 100vw, 1024px\" \/><\/div><\/div><\/div><\/div><\/div><div class=\"w-separator size_custom\" style=\"height:30px\" id=\"v8ba\"><style>@media(max-width:600px){ #v8ba{height:1rem!important}}<\/style><\/div><h4 class=\"w-text\"><span class=\"w-text-h\"><span class=\"w-text-value\">Mechaninis ir cheminis mink\u0161tinimas<\/span><\/span><\/h4><div class=\"g-cols wpb_row via_grid cols_2 laptops-cols_inherit tablets-cols_inherit mobiles-cols_1 valign_middle type_default stacking_default\" style=\"--gap:2rem;\"><div class=\"wpb_column vc_column_container\"><div class=\"vc_column-inner\"><div class=\"w-image align_none\"><div class=\"w-image-h\"><img decoding=\"async\" width=\"1024\" height=\"576\" src=\"https:\/\/klasikine.com\/wp-content\/uploads\/klt_softening_a_1.33.1-1024x576-1.webp\" class=\"attachment-large size-large\" alt=\"\" loading=\"lazy\" srcset=\"https:\/\/klasikine.com\/wp-content\/uploads\/klt_softening_a_1.33.1-1024x576-1.webp 1024w, https:\/\/klasikine.com\/wp-content\/uploads\/klt_softening_a_1.33.1-1024x576-1-300x169.webp 300w\" sizes=\"auto, (max-width: 1024px) 100vw, 1024px\" \/><\/div><\/div><\/div><\/div><div class=\"wpb_column vc_column_container\"><div class=\"vc_column-inner\"><div class=\"wpb_text_column us_custom_7c19d230\"><div class=\"wpb_wrapper\"><div class=\"elementor-column elementor-col-50 elementor-top-column elementor-element elementor-element-c4bac9a\" data-id=\"c4bac9a\" data-element_type=\"column\">\n<div class=\"elementor-widget-wrap elementor-element-populated\">\n<div class=\"elementor-element elementor-element-0a93a40 elementor-widget elementor-widget-text-editor\" data-id=\"0a93a40\" data-element_type=\"widget\" data-widget_type=\"text-editor.default\">\n<div class=\"elementor-widget-container\">\n<p>Mink\u0161tinimas \u2013 tai audinio apdaila, suteikianti lininiams audiniams mink\u0161tumo ir malonumo liesti. Mink\u0161tumas gali b\u016bti pasiekiamas taikant mechaninius, cheminius arba kombinuotus metodus. Mechaninis mink\u0161tinimas atliekamas fizi\u0161kai veikiant audin\u012f, o cheminis \u2013 naudojant specialias mink\u0161tinam\u0105sias med\u017eiagas.  <\/p>\n<p>Mink\u0161tinimas yra svarbus linini\u0173 audini\u0173 gamybos \u017eingsnis, nes padaro audin\u012f patrauklesn\u012f vartotojams. Mink\u0161tintas linas yra ma\u017eiau standus ir \u0161iurk\u0161tus nei neapdorotas, tod\u0117l j\u012f maloniau d\u0117v\u0117ti. Be to, mink\u0161tinimas pagerina audinio kritim\u0105, suteikia jam plasti\u0161kumo ir padaro audin\u012f patogesn\u012f siuvimui bei d\u0117v\u0117jimui.  <\/p>\n<\/div>\n<\/div>\n<\/div>\n<\/div>\n<\/div><\/div><\/div><\/div><\/div><div class=\"w-separator size_custom\" style=\"height:30px\" id=\"uf97\"><style>@media(max-width:600px){ #uf97{height:1rem!important}}<\/style><\/div><h4 class=\"w-text\"><span class=\"w-text-h\"><span class=\"w-text-value\">Speciali apdaila<\/span><\/span><\/h4><div class=\"g-cols wpb_row via_grid cols_2 laptops-cols_inherit tablets-cols_inherit mobiles-cols_1 valign_top type_default reversed stacking_default\" style=\"--gap:2rem;\"><div class=\"wpb_column vc_column_container\"><div class=\"vc_column-inner\"><div class=\"wpb_text_column us_custom_7c19d230\"><div class=\"wpb_wrapper\"><div class=\"elementor-column elementor-col-50 elementor-top-column elementor-element elementor-element-c4bac9a\" data-id=\"c4bac9a\" data-element_type=\"column\">\n<div class=\"elementor-widget-wrap elementor-element-populated\">\n<div class=\"elementor-element elementor-element-0a93a40 elementor-widget elementor-widget-text-editor\" data-id=\"0a93a40\" data-element_type=\"widget\" data-widget_type=\"text-editor.default\">\n<div class=\"elementor-widget-container\">\n<div class=\"elementor-column elementor-col-50 elementor-top-column elementor-element elementor-element-80a88b4\" data-id=\"80a88b4\" data-element_type=\"column\">\n<div class=\"elementor-widget-wrap elementor-element-populated\">\n<div class=\"elementor-element elementor-element-b0dddf2 elementor-widget elementor-widget-text-editor\" data-id=\"b0dddf2\" data-element_type=\"widget\" data-widget_type=\"text-editor.default\">\n<div class=\"elementor-widget-container\">\n<p>Lininiai audiniai gali b\u016bti impregnuojami \u012fvairiomis chemin\u0117mis med\u017eiagomis, priklausomai nuo planuojamos paskirties. \u0160iuo metu galime pasi\u016blyti audini\u0173 pavir\u0161iaus hidrofobin\u0119 (atsparum\u0105 vandeniui) ir antibakterin\u0119 apdail\u0105. <\/p>\n<\/div>\n<\/div>\n<\/div>\n<\/div>\n<div class=\"elementor-column elementor-col-50 elementor-top-column elementor-element elementor-element-d505e12\" data-id=\"d505e12\" data-element_type=\"column\">\n<div class=\"elementor-widget-wrap elementor-element-populated\">\n<div class=\"elementor-element elementor-element-42605db elementor-widget elementor-widget-image\" data-id=\"42605db\" data-element_type=\"widget\" data-widget_type=\"image.default\"><\/div>\n<\/div>\n<\/div>\n<\/div>\n<\/div>\n<\/div>\n<\/div>\n<\/div><\/div><\/div><\/div><div class=\"wpb_column vc_column_container\"><div class=\"vc_column-inner\"><div class=\"w-image align_none\"><div class=\"w-image-h\"><img decoding=\"async\" width=\"1024\" height=\"679\" src=\"https:\/\/klasikine.com\/wp-content\/uploads\/Screenshot-2023-05-31-152722-1024x679-1.webp\" class=\"attachment-large size-large\" alt=\"\" loading=\"lazy\" srcset=\"https:\/\/klasikine.com\/wp-content\/uploads\/Screenshot-2023-05-31-152722-1024x679-1.webp 1024w, https:\/\/klasikine.com\/wp-content\/uploads\/Screenshot-2023-05-31-152722-1024x679-1-300x199.webp 300w\" sizes=\"auto, (max-width: 1024px) 100vw, 1024px\" \/><\/div><\/div><\/div><\/div><\/div><div class=\"w-separator size_custom\" style=\"height:30px\" id=\"t689\"><style>@media(max-width:600px){ #t689{height:1rem!important}}<\/style><\/div><h4 class=\"w-text\"><span class=\"w-text-h\"><span class=\"w-text-value\">Verpal\u0173 da\u017eymas ir marginimas<\/span><\/span><\/h4><div class=\"g-cols wpb_row via_grid cols_2 laptops-cols_inherit tablets-cols_inherit mobiles-cols_1 valign_middle type_default stacking_default\" style=\"--gap:2rem;\"><div class=\"wpb_column vc_column_container\"><div class=\"vc_column-inner\"><div class=\"w-image align_none\"><div class=\"w-image-h\"><img decoding=\"async\" width=\"1024\" height=\"768\" src=\"https:\/\/klasikine.com\/wp-content\/uploads\/unnamed-1024x768-1.webp\" class=\"attachment-large size-large\" alt=\"\" loading=\"lazy\" srcset=\"https:\/\/klasikine.com\/wp-content\/uploads\/unnamed-1024x768-1.webp 1024w, https:\/\/klasikine.com\/wp-content\/uploads\/unnamed-1024x768-1-300x225.webp 300w\" sizes=\"auto, (max-width: 1024px) 100vw, 1024px\" \/><\/div><\/div><\/div><\/div><div class=\"wpb_column vc_column_container\"><div class=\"vc_column-inner\"><div class=\"wpb_text_column us_custom_7c19d230\"><div class=\"wpb_wrapper\"><div class=\"elementor-column elementor-col-50 elementor-top-column elementor-element elementor-element-c4bac9a\" data-id=\"c4bac9a\" data-element_type=\"column\">\n<div class=\"elementor-widget-wrap elementor-element-populated\">\n<div class=\"elementor-element elementor-element-0a93a40 elementor-widget elementor-widget-text-editor\" data-id=\"0a93a40\" data-element_type=\"widget\" data-widget_type=\"text-editor.default\">\n<div class=\"elementor-widget-container\">\n<p>Linini\u0173 verpal\u0173 da\u017eymas gali b\u016bti atliekamas tiek nedideliais kiekiais, tiek pramoniniu mastu masinei tekstil\u0117s gamybai. Tai svarbus tekstil\u0117s gamybos etapas, leid\u017eiantis i\u0161gauti \u012fvairias spalvas ir ra\u0161tus. <\/p>\n<p>Verpal\u0173 marginimas yra technika, kai verpalai da\u017eomi keliomis spalvomis skirtingose vietose, prie\u0161ingai nei \u012fprastame da\u017eyme, kai visas konusas da\u017eomas viena spalva. Taip sukuriami unikal\u016bs ir netik\u0117ti spalv\u0173 deriniai, suteikiantys audiniams i\u0161skirtinumo. <\/p>\n<\/div>\n<\/div>\n<\/div>\n<\/div>\n<\/div><\/div><\/div><\/div><\/div><div class=\"w-separator size_custom\" style=\"height:30px\" id=\"qfcc\"><style>@media(max-width:600px){ #qfcc{height:1rem!important}}<\/style><\/div><h4 class=\"w-text\"><span class=\"w-text-h\"><span class=\"w-text-value\">Skaitmenin\u0117 spauda<\/span><\/span><\/h4><div class=\"g-cols wpb_row via_grid cols_2 laptops-cols_inherit tablets-cols_inherit mobiles-cols_1 valign_top type_default reversed stacking_default\" style=\"--gap:2rem;\"><div class=\"wpb_column vc_column_container\"><div class=\"vc_column-inner\"><div class=\"wpb_text_column us_custom_7c19d230\"><div class=\"wpb_wrapper\"><div class=\"elementor-column elementor-col-50 elementor-top-column elementor-element elementor-element-c4bac9a\" data-id=\"c4bac9a\" data-element_type=\"column\">\n<div class=\"elementor-widget-wrap elementor-element-populated\">\n<div class=\"elementor-element elementor-element-0a93a40 elementor-widget elementor-widget-text-editor\" data-id=\"0a93a40\" data-element_type=\"widget\" data-widget_type=\"text-editor.default\">\n<div class=\"elementor-widget-container\">\n<div class=\"elementor-column elementor-col-50 elementor-top-column elementor-element elementor-element-80a88b4\" data-id=\"80a88b4\" data-element_type=\"column\">\n<div class=\"elementor-widget-wrap elementor-element-populated\">\n<div class=\"elementor-element elementor-element-b0dddf2 elementor-widget elementor-widget-text-editor\" data-id=\"b0dddf2\" data-element_type=\"widget\" data-widget_type=\"text-editor.default\">\n<div class=\"elementor-widget-container\">\n<p><span>Skaitmenin\u0117 spauda \u2013 tai modernus audini\u0173 marginimo b\u016bdas, kai i\u0161 skaitmeninio dokumento ra\u0161tas tiesiogiai perkeliamas ant audinio pavir\u0161iaus, u\u017euot naudojus tradicinius metodus, pavyzd\u017eiui, \u0161ilkografij\u0105 ar blokin\u012f spausdinim\u0105. \u0160is metodas suteikia daugiau dizaino laisv\u0117s ir galimybi\u0173 individualizuoti u\u017esakymus, taip pat leid\u017eia grei\u010diau \u012fvykdyti u\u017esakymus ir suma\u017einti ka\u0161tus ma\u017eoms gamybos partijoms. <\/span><\/p>\n<\/div>\n<\/div>\n<\/div>\n<\/div>\n<\/div>\n<\/div>\n<\/div>\n<\/div>\n<\/div><\/div><\/div><\/div><div class=\"wpb_column vc_column_container\"><div class=\"vc_column-inner\"><div class=\"w-image align_none\"><div class=\"w-image-h\"><img decoding=\"async\" width=\"1024\" height=\"576\" src=\"https:\/\/klasikine.com\/wp-content\/uploads\/klt_digitalprint_a_1.26.1-1024x576-1.webp\" class=\"attachment-large size-large\" alt=\"\" loading=\"lazy\" srcset=\"https:\/\/klasikine.com\/wp-content\/uploads\/klt_digitalprint_a_1.26.1-1024x576-1.webp 1024w, https:\/\/klasikine.com\/wp-content\/uploads\/klt_digitalprint_a_1.26.1-1024x576-1-300x169.webp 300w\" sizes=\"auto, (max-width: 1024px) 100vw, 1024px\" \/><\/div><\/div><\/div><\/div><\/div><div class=\"w-separator size_custom\" style=\"height:30px\" id=\"r923\"><style>@media(max-width:600px){ #r923{height:1rem!important}}<\/style><\/div><h4 class=\"w-text\"><span class=\"w-text-h\"><span class=\"w-text-value\">Pramoninis drabu\u017ei\u0173 da\u017eymas ir skalbimas<\/span><\/span><\/h4><div class=\"wpb_text_column us_custom_7c19d230\"><div class=\"wpb_wrapper\"><div class=\"elementor-column elementor-col-50 elementor-top-column elementor-element elementor-element-c4bac9a\" data-id=\"c4bac9a\" data-element_type=\"column\">\n<div class=\"elementor-widget-wrap elementor-element-populated\">\n<div class=\"elementor-element elementor-element-0a93a40 elementor-widget elementor-widget-text-editor\" data-id=\"0a93a40\" data-element_type=\"widget\" data-widget_type=\"text-editor.default\">\n<div class=\"elementor-widget-container\">\n<div class=\"elementor-column elementor-col-50 elementor-top-column elementor-element elementor-element-80a88b4\" data-id=\"80a88b4\" data-element_type=\"column\">\n<div class=\"elementor-widget-wrap elementor-element-populated\">\n<div class=\"elementor-element elementor-element-b0dddf2 elementor-widget elementor-widget-text-editor\" data-id=\"b0dddf2\" data-element_type=\"widget\" data-widget_type=\"text-editor.default\">\n<div class=\"elementor-widget-container\">\n<p>Da\u017eymo metu drabu\u017eiai kartu su da\u017e\u0173 tirpalu mai\u0161omi specialiose ma\u0161inose, kad spalva tolygiai pasiskirstyt\u0173 per vis\u0105 audin\u012f. <\/p>\n<p>Po da\u017eymo, drabu\u017eiai skalbiami, kad b\u016bt\u0173 pa\u0161alinti da\u017e\u0173 liku\u010diai, kurie nebuvo \u012fsig\u0117r\u0119 \u012f audin\u012f. Tai padeda i\u0161vengti spalvos blukimo ar persida\u017eymo laikui b\u0117gant. Galiausiai drabu\u017eiai d\u017eiovinami b\u016bgnin\u0117se d\u017eiovykl\u0117se, kad b\u016bt\u0173 pagerintas j\u0173 mink\u0161tumas ir tekst\u016bra.  <\/p>\n<\/div>\n<\/div>\n<\/div>\n<\/div>\n<\/div>\n<\/div>\n<\/div>\n<\/div>\n<\/div><\/div><div class=\"w-separator size_custom\" style=\"height:30px\" id=\"hb60\"><style>@media(max-width:600px){ #hb60{height:1rem!important}}<\/style><\/div><\/div><\/div><\/div><\/div><\/section>\n","protected":false},"excerpt":{"rendered":"ApdailaSkalbimas Vienas da\u017eniausi\u0173 linini\u0173 audini\u0173 apdailos b\u016bd\u0173 yra skalbimas. Lininiai audiniai paprastai skalbiami tam, kad b\u016bt\u0173 pa\u0161alinti po audimo lik\u0119 ne\u0161varumai, aliejai ar apdailos priemon\u0117s. Skalbimas pagerina audinio tekst\u016br\u0105, padaro j\u012f mink\u0161tesn\u012f ir elastingesn\u012f. Po da\u017eymo proceso audinys skalbiamas, kad b\u016bt\u0173 pa\u0161alinti da\u017e\u0173 ir chemini\u0173 med\u017eiag\u0173 liku\u010diai. \u0160is skalbimo procesas paprastai apima audinio skalavim\u0105 \u0161altu...","protected":false},"author":1,"featured_media":0,"parent":0,"menu_order":0,"comment_status":"closed","ping_status":"closed","template":"","meta":{"_monsterinsights_skip_tracking":false,"_monsterinsights_sitenote_active":false,"_monsterinsights_sitenote_note":"","_monsterinsights_sitenote_category":0,"footnotes":""},"class_list":["post-306","page","type-page","status-publish","hentry"],"yoast_head":"<!-- This site is optimized with the Yoast SEO plugin v22.9 - https:\/\/yoast.com\/wordpress\/plugins\/seo\/ -->\n<title>Apdaila - Klasikine<\/title>\n<meta name=\"robots\" content=\"index, follow, max-snippet:-1, max-image-preview:large, max-video-preview:-1\" \/>\n<link rel=\"canonical\" href=\"https:\/\/klasikine.com\/lt\/apdaila\/\" \/>\n<meta property=\"og:locale\" content=\"lt_LT\" \/>\n<meta property=\"og:type\" content=\"article\" \/>\n<meta property=\"og:title\" content=\"Apdaila - Klasikine\" \/>\n<meta property=\"og:url\" content=\"https:\/\/klasikine.com\/lt\/apdaila\/\" \/>\n<meta property=\"og:site_name\" content=\"Klasikine\" \/>\n<meta property=\"article:modified_time\" content=\"2025-09-17T11:10:36+00:00\" \/>\n<meta name=\"twitter:card\" content=\"summary_large_image\" \/>\n<meta name=\"twitter:label1\" content=\"Est. reading time\" \/>\n\t<meta name=\"twitter:data1\" content=\"6 minut\u0117s\" \/>\n<script type=\"application\/ld+json\" class=\"yoast-schema-graph\">{\"@context\":\"https:\/\/schema.org\",\"@graph\":[{\"@type\":\"WebPage\",\"@id\":\"https:\/\/klasikine.com\/lt\/apdaila\/\",\"url\":\"https:\/\/klasikine.com\/lt\/apdaila\/\",\"name\":\"Apdaila - Klasikine\",\"isPartOf\":{\"@id\":\"https:\/\/klasikine.com\/lt\/#website\"},\"datePublished\":\"2024-06-27T19:13:39+00:00\",\"dateModified\":\"2025-09-17T11:10:36+00:00\",\"breadcrumb\":{\"@id\":\"https:\/\/klasikine.com\/lt\/apdaila\/#breadcrumb\"},\"inLanguage\":\"lt-LT\",\"potentialAction\":[{\"@type\":\"ReadAction\",\"target\":[\"https:\/\/klasikine.com\/lt\/apdaila\/\"]}]},{\"@type\":\"BreadcrumbList\",\"@id\":\"https:\/\/klasikine.com\/lt\/apdaila\/#breadcrumb\",\"itemListElement\":[{\"@type\":\"ListItem\",\"position\":1,\"name\":\"Home\",\"item\":\"https:\/\/klasikine.com\/lt\/\"},{\"@type\":\"ListItem\",\"position\":2,\"name\":\"Apdaila\"}]},{\"@type\":\"WebSite\",\"@id\":\"https:\/\/klasikine.com\/lt\/#website\",\"url\":\"https:\/\/klasikine.com\/lt\/\",\"name\":\"Klasikine\",\"description\":\"\",\"potentialAction\":[{\"@type\":\"SearchAction\",\"target\":{\"@type\":\"EntryPoint\",\"urlTemplate\":\"https:\/\/klasikine.com\/lt\/?s={search_term_string}\"},\"query-input\":\"required name=search_term_string\"}],\"inLanguage\":\"lt-LT\"}]}<\/script>\n<!-- \/ Yoast SEO plugin. -->","yoast_head_json":{"title":"Apdaila - Klasikine","robots":{"index":"index","follow":"follow","max-snippet":"max-snippet:-1","max-image-preview":"max-image-preview:large","max-video-preview":"max-video-preview:-1"},"canonical":"https:\/\/klasikine.com\/lt\/apdaila\/","og_locale":"lt_LT","og_type":"article","og_title":"Apdaila - Klasikine","og_url":"https:\/\/klasikine.com\/lt\/apdaila\/","og_site_name":"Klasikine","article_modified_time":"2025-09-17T11:10:36+00:00","twitter_card":"summary_large_image","twitter_misc":{"Est. reading time":"6 minut\u0117s"},"schema":{"@context":"https:\/\/schema.org","@graph":[{"@type":"WebPage","@id":"https:\/\/klasikine.com\/lt\/apdaila\/","url":"https:\/\/klasikine.com\/lt\/apdaila\/","name":"Apdaila - Klasikine","isPartOf":{"@id":"https:\/\/klasikine.com\/lt\/#website"},"datePublished":"2024-06-27T19:13:39+00:00","dateModified":"2025-09-17T11:10:36+00:00","breadcrumb":{"@id":"https:\/\/klasikine.com\/lt\/apdaila\/#breadcrumb"},"inLanguage":"lt-LT","potentialAction":[{"@type":"ReadAction","target":["https:\/\/klasikine.com\/lt\/apdaila\/"]}]},{"@type":"BreadcrumbList","@id":"https:\/\/klasikine.com\/lt\/apdaila\/#breadcrumb","itemListElement":[{"@type":"ListItem","position":1,"name":"Home","item":"https:\/\/klasikine.com\/lt\/"},{"@type":"ListItem","position":2,"name":"Apdaila"}]},{"@type":"WebSite","@id":"https:\/\/klasikine.com\/lt\/#website","url":"https:\/\/klasikine.com\/lt\/","name":"Klasikine","description":"","potentialAction":[{"@type":"SearchAction","target":{"@type":"EntryPoint","urlTemplate":"https:\/\/klasikine.com\/lt\/?s={search_term_string}"},"query-input":"required name=search_term_string"}],"inLanguage":"lt-LT"}]}},"_links":{"self":[{"href":"https:\/\/klasikine.com\/lt\/wp-json\/wp\/v2\/pages\/306","targetHints":{"allow":["GET"]}}],"collection":[{"href":"https:\/\/klasikine.com\/lt\/wp-json\/wp\/v2\/pages"}],"about":[{"href":"https:\/\/klasikine.com\/lt\/wp-json\/wp\/v2\/types\/page"}],"author":[{"embeddable":true,"href":"https:\/\/klasikine.com\/lt\/wp-json\/wp\/v2\/users\/1"}],"replies":[{"embeddable":true,"href":"https:\/\/klasikine.com\/lt\/wp-json\/wp\/v2\/comments?post=306"}],"version-history":[{"count":2,"href":"https:\/\/klasikine.com\/lt\/wp-json\/wp\/v2\/pages\/306\/revisions"}],"predecessor-version":[{"id":315,"href":"https:\/\/klasikine.com\/lt\/wp-json\/wp\/v2\/pages\/306\/revisions\/315"}],"wp:attachment":[{"href":"https:\/\/klasikine.com\/lt\/wp-json\/wp\/v2\/media?parent=306"}],"curies":[{"name":"wp","href":"https:\/\/api.w.org\/{rel}","templated":true}]}}