{"id":290,"date":"2024-06-27T22:12:25","date_gmt":"2024-06-27T19:12:25","guid":{"rendered":"https:\/\/klasikine.com\/apie-mus\/"},"modified":"2025-09-17T13:56:49","modified_gmt":"2025-09-17T10:56:49","slug":"apie-mus","status":"publish","type":"page","link":"https:\/\/klasikine.com\/lt\/apie-mus\/","title":{"rendered":"Apie mus"},"content":{"rendered":"<section class=\"l-section wpb_row us_custom_96b855be height_custom\"><div class=\"l-section-h i-cf\"><div class=\"g-cols vc_row via_grid cols_1 laptops-cols_inherit tablets-cols_inherit mobiles-cols_1 valign_top type_default stacking_default\"><div class=\"wpb_column vc_column_container\"><div class=\"vc_column-inner\"><h1 class=\"w-text\"><span class=\"w-text-h\"><span class=\"w-text-value\">Apie mus<\/span><\/span><\/h1><div class=\"w-separator size_custom\" style=\"height:5rem\" id=\"q11d\"><style>@media(max-width:600px){ #q11d{height:3rem!important}}<\/style><\/div><h4 class=\"w-text\"><span class=\"w-text-h\"><span class=\"w-text-value\">Klasikin\u0117 tekstil\u0117<\/span><\/span><\/h4><div class=\"w-separator size_custom\" style=\"height:30px\"><\/div><div class=\"g-cols wpb_row via_grid cols_2 laptops-cols_inherit tablets-cols_inherit mobiles-cols_1 valign_top type_default stacking_default\" style=\"--gap:5rem;\"><div class=\"wpb_column vc_column_container\"><div class=\"vc_column-inner\"><div class=\"wpb_text_column us_custom_7c19d230\"><div class=\"wpb_wrapper\"><p>\u201eKlasikin\u0117 tekstil\u0117\u201c \u2013 tai pilno ciklo gamybin\u0117 \u012fmon\u0117, dirbanti lino pramon\u0117je jau daugiau nei 30 met\u0173. Gamykla turi tris padalinius po vienu stogu: audimo, apdailos ir siuvimo. \u0160is s\u0105statas leid\u017eia mums visi\u0161kai kontroliuoti m\u016bs\u0173 gamini\u0173 kokyb\u0119 ir u\u017etikrinti greit\u0105 pristatym\u0105 \u012f \u012fvairias pasaulio \u0161alis. M\u016bs\u0173 produkcija eksportuojama \u012f Pranc\u016bzij\u0105, Jungtin\u0119 Karalyst\u0119, Vokietij\u0105, Belgij\u0105, Danij\u0105, \u0160vedij\u0105, Suomij\u0105, Lenkij\u0105, \u0160veicarij\u0105, Baltijos \u0161alis, Graikij\u0105, Bulgarij\u0105, Rumunij\u0105, Austrij\u0105, Kanad\u0105, JAV, Japonij\u0105, Piet\u0173 Kor\u0117j\u0105, Australij\u0105, Marok\u0105 ir kitas \u0161alis.   <\/p>\n<p>Audimo skyrius yra atsakingas u\u017e auk\u0161tos kokyb\u0117s linini\u0173 audini\u0173 gamyb\u0105, naudojant moderni\u0105 \u012frang\u0105 ir tradicines technikas. <br \/>Apdailos skyrius r\u016bpinasi paskutiniais \u0161trichais, tokiais kaip da\u017eymas, balinimas ir audini\u0173 mink\u0161tinimas. Galiausiai, siuvimo skyrius audinius paver\u010dia gatavais gaminiais, tokiais kaip patalyn\u0117, stalties\u0117s ir drabu\u017eiai.  <\/p>\n<div class=\"elementor-column elementor-col-50 elementor-inner-column elementor-element elementor-element-b4f10b1\" data-id=\"b4f10b1\" data-element_type=\"column\">\n<div class=\"elementor-widget-wrap elementor-element-populated\">\n<div class=\"elementor-element elementor-element-4e67dc9 elementor-widget elementor-widget-text-editor\" data-id=\"4e67dc9\" data-element_type=\"widget\" data-widget_type=\"text-editor.default\">\n<div class=\"elementor-widget-container\">\n<p>Vykdydami visus \u0161iuos gamybos etapus vienoje vietoje, mes galime u\u017etikrinti, kad kiekvienas gaminys atitikt\u0173 auk\u0161\u010diausios kokyb\u0117s standartus, taip pat galime lanks\u010diai prisitaikyti prie skirting\u0173 klient\u0173 poreiki\u0173. <\/p>\n<\/div>\n<\/div>\n<\/div>\n<\/div>\n<div class=\"elementor-column elementor-col-50 elementor-inner-column elementor-element elementor-element-d608085\" data-id=\"d608085\" data-element_type=\"column\">\n<div class=\"elementor-widget-wrap elementor-element-populated\">\n<div class=\"elementor-element elementor-element-a693a9a elementor-widget elementor-widget-image\" data-id=\"a693a9a\" data-element_type=\"widget\" data-widget_type=\"image.default\"><\/div>\n<\/div>\n<\/div>\n<\/div><\/div><\/div><\/div><div class=\"wpb_column vc_column_container\"><div class=\"vc_column-inner\"><div class=\"w-image align_none\"><div class=\"w-image-h\"><img decoding=\"async\" width=\"1024\" height=\"576\" src=\"https:\/\/klasikine.com\/wp-content\/uploads\/dji_fly_20220523_191204_326_1682090781769_photo_optimized-1-1024x576-1.webp\" class=\"attachment-large size-large\" alt=\"\" loading=\"lazy\" srcset=\"https:\/\/klasikine.com\/wp-content\/uploads\/dji_fly_20220523_191204_326_1682090781769_photo_optimized-1-1024x576-1.webp 1024w, https:\/\/klasikine.com\/wp-content\/uploads\/dji_fly_20220523_191204_326_1682090781769_photo_optimized-1-1024x576-1-300x169.webp 300w\" sizes=\"auto, (max-width: 1024px) 100vw, 1024px\" \/><\/div><\/div><\/div><\/div><\/div><div class=\"w-separator size_custom\" style=\"height:40px\"><\/div><div class=\"w-separator size_custom\" style=\"height:40px\"><\/div><h4 class=\"w-text\"><span class=\"w-text-h\"><span class=\"w-text-value\">Istorija<\/span><\/span><\/h4><div class=\"wpb_text_column us_custom_7c19d230\"><div class=\"wpb_wrapper\"><div class=\"elementor-column elementor-col-50 elementor-inner-column elementor-element elementor-element-b4f10b1\" data-id=\"b4f10b1\" data-element_type=\"column\">\n<div class=\"elementor-widget-wrap elementor-element-populated\">\n<div class=\"elementor-element elementor-element-4e67dc9 elementor-widget elementor-widget-text-editor\" data-id=\"4e67dc9\" data-element_type=\"widget\" data-widget_type=\"text-editor.default\">\n<div class=\"elementor-widget-container\">\n<p>\u201eKlasikin\u0117 tekstil\u0117\u201c \u012fsteigta 1991 metais Lietuvoje, prad\u0117jusi veikl\u0105 nuo linin\u0117s nam\u0173 tekstil\u0117s eksporto \u012f Lenkij\u0105 ir \u0160vedij\u0105. Pirmasis \u012fmon\u0117s biuras buvo \u012fsteigtas Panev\u0117\u017eyje, ta\u010diau v\u0117liau jis buvo perkeltas \u012f Kaun\u0105, i\u0161sinuomavus nedideles gamybos patalpas. 1996 m. \u012fmon\u0117 \u012fk\u016br\u0117 savo audimo padalin\u012f, o 2003 m. \u012fsik\u016brus naujose patalpose Vilijampol\u0117s mikrorajone, prie Nemuno up\u0117s santakos, \u012fsireng\u0117 ir apdailos skyri\u0173. \u0160iuo metu \u201eKlasikin\u0117 tekstil\u0117\u201c turi did\u017eiul\u012f 16 000 kvadratini\u0173 metr\u0173 gamybos ir sand\u0117liavimo plot\u0105.<\/p>\n<p>\u012emon\u0117s s\u0117km\u0119 galima sieti su d\u0117mesiu auk\u0161tos kokyb\u0117s lininei nam\u0173 tekstilei ir klient\u0173 poreiki\u0173 i\u0161pildymo \u012fsipareigojimu. Per daugel\u012f met\u0173 \u201eKlasikin\u0117 tekstil\u0117\u201c u\u017esitarnavo reputacij\u0105 gamindama vienus geriausi\u0173 linini\u0173 gamini\u0173 regione. \u012emon\u0117s audimo ir apdailos skyriuje naudojama moderniausia \u012franga ir dirba kvalifikuoti darbuotojai, kurie did\u017eiuojasi savo darbu.<\/p>\n<p>\u201eKlasikin\u0117 tekstil\u0117\u201c \u2013 tai Lietuvoje \u012fsteigta bendrija, kuri specializuojasi auk\u0161tos kokyb\u0117s linini\u0173 nam\u0173 tekstil\u0117s gamini\u0173 gamyboje. Nuo pat \u012fk\u016brimo 1991 m. bendrija nu\u0117jo ilg\u0105 keli\u0105 ir \u012fsitvirtino kaip lyder\u0117 \u0161ioje pramon\u0117s \u0161akoje.<\/p>\n<\/div>\n<\/div>\n<\/div>\n<\/div>\n<\/div><\/div><\/div><\/div><\/div><\/div><\/section>\n","protected":false},"excerpt":{"rendered":"Apie musKlasikin\u0117 tekstil\u0117\u201eKlasikin\u0117 tekstil\u0117\u201c \u2013 tai pilno ciklo gamybin\u0117 \u012fmon\u0117, dirbanti lino pramon\u0117je jau daugiau nei 30 met\u0173. Gamykla turi tris padalinius po vienu stogu: audimo, apdailos ir siuvimo. \u0160is s\u0105statas leid\u017eia mums visi\u0161kai kontroliuoti m\u016bs\u0173 gamini\u0173 kokyb\u0119 ir u\u017etikrinti greit\u0105 pristatym\u0105 \u012f \u012fvairias pasaulio \u0161alis. M\u016bs\u0173 produkcija eksportuojama \u012f Pranc\u016bzij\u0105, Jungtin\u0119 Karalyst\u0119, Vokietij\u0105, Belgij\u0105,...","protected":false},"author":1,"featured_media":0,"parent":0,"menu_order":0,"comment_status":"closed","ping_status":"closed","template":"","meta":{"_monsterinsights_skip_tracking":false,"_monsterinsights_sitenote_active":false,"_monsterinsights_sitenote_note":"","_monsterinsights_sitenote_category":0,"footnotes":""},"class_list":["post-290","page","type-page","status-publish","hentry"],"yoast_head":"<!-- This site is optimized with the Yoast SEO plugin v22.9 - https:\/\/yoast.com\/wordpress\/plugins\/seo\/ -->\n<title>Apie mus - Klasikine<\/title>\n<meta name=\"description\" content=\"Su\u017einokite daugiau apie Klasikin\u0119 tekstil\u0119 ir m\u016bs\u0173 \u012fsipareigojim\u0105 kokybei, stiliui ir nesenstan\u010diai elegancijai.\" \/>\n<meta name=\"robots\" content=\"index, follow, max-snippet:-1, max-image-preview:large, max-video-preview:-1\" \/>\n<link rel=\"canonical\" href=\"https:\/\/klasikine.com\/lt\/apie-mus\/\" \/>\n<meta property=\"og:locale\" content=\"lt_LT\" \/>\n<meta property=\"og:type\" content=\"article\" \/>\n<meta property=\"og:title\" content=\"Apie mus - Klasikine\" \/>\n<meta property=\"og:description\" content=\"Su\u017einokite daugiau apie Klasikin\u0119 tekstil\u0119 ir m\u016bs\u0173 \u012fsipareigojim\u0105 kokybei, stiliui ir nesenstan\u010diai elegancijai.\" \/>\n<meta property=\"og:url\" content=\"https:\/\/klasikine.com\/lt\/apie-mus\/\" \/>\n<meta property=\"og:site_name\" content=\"Klasikine\" \/>\n<meta property=\"article:modified_time\" content=\"2025-09-17T10:56:49+00:00\" \/>\n<meta name=\"twitter:card\" content=\"summary_large_image\" \/>\n<meta name=\"twitter:label1\" content=\"Est. reading time\" \/>\n\t<meta name=\"twitter:data1\" content=\"2 minut\u0117s\" \/>\n<script type=\"application\/ld+json\" class=\"yoast-schema-graph\">{\"@context\":\"https:\/\/schema.org\",\"@graph\":[{\"@type\":\"WebPage\",\"@id\":\"https:\/\/klasikine.com\/lt\/apie-mus\/\",\"url\":\"https:\/\/klasikine.com\/lt\/apie-mus\/\",\"name\":\"Apie mus - Klasikine\",\"isPartOf\":{\"@id\":\"https:\/\/klasikine.com\/lt\/#website\"},\"datePublished\":\"2024-06-27T19:12:25+00:00\",\"dateModified\":\"2025-09-17T10:56:49+00:00\",\"description\":\"Su\u017einokite daugiau apie Klasikin\u0119 tekstil\u0119 ir m\u016bs\u0173 \u012fsipareigojim\u0105 kokybei, stiliui ir nesenstan\u010diai elegancijai.\",\"breadcrumb\":{\"@id\":\"https:\/\/klasikine.com\/lt\/apie-mus\/#breadcrumb\"},\"inLanguage\":\"lt-LT\",\"potentialAction\":[{\"@type\":\"ReadAction\",\"target\":[\"https:\/\/klasikine.com\/lt\/apie-mus\/\"]}]},{\"@type\":\"BreadcrumbList\",\"@id\":\"https:\/\/klasikine.com\/lt\/apie-mus\/#breadcrumb\",\"itemListElement\":[{\"@type\":\"ListItem\",\"position\":1,\"name\":\"Home\",\"item\":\"https:\/\/klasikine.com\/lt\/\"},{\"@type\":\"ListItem\",\"position\":2,\"name\":\"Apie mus\"}]},{\"@type\":\"WebSite\",\"@id\":\"https:\/\/klasikine.com\/lt\/#website\",\"url\":\"https:\/\/klasikine.com\/lt\/\",\"name\":\"Klasikine\",\"description\":\"\",\"potentialAction\":[{\"@type\":\"SearchAction\",\"target\":{\"@type\":\"EntryPoint\",\"urlTemplate\":\"https:\/\/klasikine.com\/lt\/?s={search_term_string}\"},\"query-input\":\"required name=search_term_string\"}],\"inLanguage\":\"lt-LT\"}]}<\/script>\n<!-- \/ Yoast SEO plugin. -->","yoast_head_json":{"title":"Apie mus - Klasikine","description":"Su\u017einokite daugiau apie Klasikin\u0119 tekstil\u0119 ir m\u016bs\u0173 \u012fsipareigojim\u0105 kokybei, stiliui ir nesenstan\u010diai elegancijai.","robots":{"index":"index","follow":"follow","max-snippet":"max-snippet:-1","max-image-preview":"max-image-preview:large","max-video-preview":"max-video-preview:-1"},"canonical":"https:\/\/klasikine.com\/lt\/apie-mus\/","og_locale":"lt_LT","og_type":"article","og_title":"Apie mus - Klasikine","og_description":"Su\u017einokite daugiau apie Klasikin\u0119 tekstil\u0119 ir m\u016bs\u0173 \u012fsipareigojim\u0105 kokybei, stiliui ir nesenstan\u010diai elegancijai.","og_url":"https:\/\/klasikine.com\/lt\/apie-mus\/","og_site_name":"Klasikine","article_modified_time":"2025-09-17T10:56:49+00:00","twitter_card":"summary_large_image","twitter_misc":{"Est. reading time":"2 minut\u0117s"},"schema":{"@context":"https:\/\/schema.org","@graph":[{"@type":"WebPage","@id":"https:\/\/klasikine.com\/lt\/apie-mus\/","url":"https:\/\/klasikine.com\/lt\/apie-mus\/","name":"Apie mus - Klasikine","isPartOf":{"@id":"https:\/\/klasikine.com\/lt\/#website"},"datePublished":"2024-06-27T19:12:25+00:00","dateModified":"2025-09-17T10:56:49+00:00","description":"Su\u017einokite daugiau apie Klasikin\u0119 tekstil\u0119 ir m\u016bs\u0173 \u012fsipareigojim\u0105 kokybei, stiliui ir nesenstan\u010diai elegancijai.","breadcrumb":{"@id":"https:\/\/klasikine.com\/lt\/apie-mus\/#breadcrumb"},"inLanguage":"lt-LT","potentialAction":[{"@type":"ReadAction","target":["https:\/\/klasikine.com\/lt\/apie-mus\/"]}]},{"@type":"BreadcrumbList","@id":"https:\/\/klasikine.com\/lt\/apie-mus\/#breadcrumb","itemListElement":[{"@type":"ListItem","position":1,"name":"Home","item":"https:\/\/klasikine.com\/lt\/"},{"@type":"ListItem","position":2,"name":"Apie mus"}]},{"@type":"WebSite","@id":"https:\/\/klasikine.com\/lt\/#website","url":"https:\/\/klasikine.com\/lt\/","name":"Klasikine","description":"","potentialAction":[{"@type":"SearchAction","target":{"@type":"EntryPoint","urlTemplate":"https:\/\/klasikine.com\/lt\/?s={search_term_string}"},"query-input":"required name=search_term_string"}],"inLanguage":"lt-LT"}]}},"_links":{"self":[{"href":"https:\/\/klasikine.com\/lt\/wp-json\/wp\/v2\/pages\/290","targetHints":{"allow":["GET"]}}],"collection":[{"href":"https:\/\/klasikine.com\/lt\/wp-json\/wp\/v2\/pages"}],"about":[{"href":"https:\/\/klasikine.com\/lt\/wp-json\/wp\/v2\/types\/page"}],"author":[{"embeddable":true,"href":"https:\/\/klasikine.com\/lt\/wp-json\/wp\/v2\/users\/1"}],"replies":[{"embeddable":true,"href":"https:\/\/klasikine.com\/lt\/wp-json\/wp\/v2\/comments?post=290"}],"version-history":[{"count":2,"href":"https:\/\/klasikine.com\/lt\/wp-json\/wp\/v2\/pages\/290\/revisions"}],"predecessor-version":[{"id":293,"href":"https:\/\/klasikine.com\/lt\/wp-json\/wp\/v2\/pages\/290\/revisions\/293"}],"wp:attachment":[{"href":"https:\/\/klasikine.com\/lt\/wp-json\/wp\/v2\/media?parent=290"}],"curies":[{"name":"wp","href":"https:\/\/api.w.org\/{rel}","templated":true}]}}